{"id":11,"date":"2022-06-10T11:09:00","date_gmt":"2022-06-10T09:09:00","guid":{"rendered":"https:\/\/walbeton.be\/?page_id=11"},"modified":"2024-08-05T15:06:56","modified_gmt":"2024-08-05T13:06:56","slug":"accueil","status":"publish","type":"page","link":"https:\/\/www.walbeton.be\/","title":{"rendered":"Accueil"},"content":{"rendered":"<div id=\"cs-content\" class=\"cs-content\"><div class=\"x-section e11-e1 mb-0 mb-1 mb-2 mb-3\"><div class=\"x-bg\" aria-hidden=\"true\"><div class=\"x-bg-layer-lower-image\"><\/div><div class=\"x-bg-layer-upper-image\"><\/div><\/div><\/div><div class=\"x-section e11-e2 mb-1 mb-3 mb-4 mb-5\"><div class=\"x-bg\" aria-hidden=\"true\"><div class=\"x-bg-layer-lower-color\"><\/div><\/div><div class=\"x-row x-container max width e11-e3 mb-g mb-h mb-i mb-l\"><div class=\"x-row-inner\"><div class=\"x-col e11-e4 mb-q mb-r mb-s mb-t mb-u\"><div class=\"x-text x-content e11-e5 mb-x mb-y mb-z rotated-title\">Vente et livraison de beton aux professionnels et particuliers<\/div><\/div><div class=\"x-col e11-e6 mb-q mb-s mb-t mb-u mb-v\"><a class=\"x-anchor x-anchor-button has-graphic e11-e7 mb-13\" tabindex=\"0\" href=\"tel:003271380508\"><div class=\"x-anchor-content\"><span class=\"x-graphic\" aria-hidden=\"true\"><i class=\"x-icon x-graphic-child x-graphic-icon x-graphic-primary\" aria-hidden=\"true\" data-x-icon-s=\"&#xf095;\"><\/i><\/span><div class=\"x-anchor-text\"><span class=\"x-anchor-text-primary\" data-x-single-anim=\"x-slide-top\">071 38 05 08<\/span><\/div><\/div><\/a><a class=\"x-anchor x-anchor-button has-graphic e11-e8 mb-13\" tabindex=\"0\" href=\"mailto:info@walbeton.be?subject=Hello%20WALBETON%20!\"><div class=\"x-anchor-content\"><span class=\"x-graphic\" aria-hidden=\"true\"><i class=\"x-icon x-graphic-child x-graphic-icon x-graphic-primary\" aria-hidden=\"true\" data-x-icon-s=\"&#xf0e0;\"><\/i><\/span><div class=\"x-anchor-text\"><span class=\"x-anchor-text-primary\" data-x-single-anim=\"x-slide-top\">info@walbeton.be<\/span><\/div><\/div><\/a><a class=\"x-anchor x-anchor-button has-graphic e11-e9 mb-13\" tabindex=\"0\" href=\"https:\/\/www.facebook.com\/profile.php?id=100084041654158\" target=\"_blank\" rel=\"noopener noreferrer\"><div class=\"x-anchor-content\"><span class=\"x-graphic\" aria-hidden=\"true\"><i class=\"x-icon x-graphic-child x-graphic-icon x-graphic-primary\" aria-hidden=\"true\" data-x-icon-b=\"&#xf09a;\"><\/i><\/span><div class=\"x-anchor-text\"><span class=\"x-anchor-text-primary\" data-x-single-anim=\"x-slide-top\">WALBETON<\/span><\/div><\/div><\/a><a class=\"x-anchor x-anchor-button has-graphic e11-e10 mb-13\" tabindex=\"0\" href=\"https:\/\/goo.gl\/maps\/fc1WiHxWa4xfDcra7\" target=\"_blank\" rel=\"noopener noreferrer\"><div class=\"x-anchor-content\"><span class=\"x-graphic\" aria-hidden=\"true\"><i class=\"x-icon x-graphic-child x-graphic-icon x-graphic-primary\" aria-hidden=\"true\" data-x-icon-b=\"&#xf1a0;\"><\/i><\/span><div class=\"x-anchor-text\"><span class=\"x-anchor-text-primary\" data-x-single-anim=\"x-slide-top\">WALBETON<\/span><\/div><\/div><\/a><\/div><\/div><\/div><\/div><div class=\"x-section e11-e11 mb-0 mb-1 mb-3 mb-6 mb-7 mb-8\"><div class=\"x-row x-container max width e11-e12 mb-g mb-h mb-j mb-m\"><div class=\"x-row-inner\"><a class=\"x-col e11-e13 mb-q mb-t mb-v mb-w\" href=\"#teamwork\" data-x-effect-provider=\"colors particles effects\"><div class=\"x-div e11-e14 mb-14 mb-15 mb-16 mb-17 mb-18 mb-19 mb-1a mb-1b mb-1c mb-b mb-c\" data-x-effect=\"{&quot;durationBase&quot;:&quot;300ms&quot;}\"><div class=\"x-text x-text-headline e11-e15 mb-1n\"><div class=\"x-text-content\"><div class=\"x-text-content-text\"><h3 class=\"x-text-content-text-primary\">Dalle liss\u00e9e<\/h3>\n<\/div><\/div><\/div><\/div><div class=\"x-div e11-e16 mb-14 mb-15 mb-16 mb-19 mb-1a mb-1b mb-1c mb-1d mb-1e mb-1f mb-c mb-d\" data-x-effect=\"{&quot;durationBase&quot;:&quot;300ms&quot;}\"><i class=\"x-icon e11-e17 mb-1o mb-1p\" aria-hidden=\"true\" data-x-icon-l=\"&#xf0c1;\"><\/i><\/div><\/a><a class=\"x-col e11-e18 mb-q mb-t mb-v mb-w\" href=\"#teamwork\" data-x-effect-provider=\"colors particles effects\"><div class=\"x-div e11-e19 mb-14 mb-15 mb-16 mb-17 mb-18 mb-19 mb-1a mb-1b mb-1c mb-b mb-c\" data-x-effect=\"{&quot;durationBase&quot;:&quot;300ms&quot;}\"><div class=\"x-text x-text-headline e11-e20 mb-1n\"><div class=\"x-text-content\"><div class=\"x-text-content-text\"><h3 class=\"x-text-content-text-primary\">B\u00e9ton imprim\u00e9<\/h3>\n<\/div><\/div><\/div><\/div><div class=\"x-div e11-e21 mb-14 mb-15 mb-16 mb-19 mb-1a mb-1b mb-1c mb-1d mb-1e mb-1f mb-c mb-d\" data-x-effect=\"{&quot;durationBase&quot;:&quot;300ms&quot;}\"><i class=\"x-icon e11-e22 mb-1o mb-1p\" aria-hidden=\"true\" data-x-icon-l=\"&#xf0c1;\"><\/i><\/div><\/a><a class=\"x-col e11-e23 mb-q mb-t mb-v mb-w\" href=\"#teamwork\" data-x-effect-provider=\"colors particles effects\"><div class=\"x-div e11-e24 mb-14 mb-15 mb-16 mb-17 mb-18 mb-19 mb-1a mb-1b mb-1c mb-b mb-c\" data-x-effect=\"{&quot;durationBase&quot;:&quot;300ms&quot;}\"><div class=\"x-text x-text-headline e11-e25 mb-1n\"><div class=\"x-text-content\"><div class=\"x-text-content-text\"><h3 class=\"x-text-content-text-primary\">B\u00e9ton d\u00e9sactiv\u00e9<\/h3>\n<\/div><\/div><\/div><\/div><div class=\"x-div e11-e26 mb-14 mb-15 mb-16 mb-19 mb-1a mb-1b mb-1c mb-1d mb-1e mb-1f mb-c mb-d\" data-x-effect=\"{&quot;durationBase&quot;:&quot;300ms&quot;}\"><i class=\"x-icon e11-e27 mb-1o mb-1p\" aria-hidden=\"true\" data-x-icon-l=\"&#xf0c1;\"><\/i><\/div><\/a><\/div><\/div><div class=\"x-row x-container max width e11-e28 mb-g mb-k mb-n mb-o\"><div class=\"x-row-inner\"><div class=\"x-col e11-e29 mb-t mb-u\"><div class=\"x-text x-content e11-e30 mb-x mb-z mb-10 mb-11 rotated-title\"><p class=\"p1\">Du lundi au vendredi de 6h A 16h<\/p><\/div><\/div><\/div><\/div><\/div><div class=\"x-section e11-e31 mb-0 mb-1 mb-5 mb-6 mb-8 mb-9\"><div class=\"x-div x-container max width e11-e32 mb-16 mb-19 mb-1b mb-1c mb-1f mb-1g\"><div class=\"x-div e11-e33 mb-16 mb-18 mb-1c mb-1f mb-1g mb-1h mb-1i\" data-x-slide-context=\"\"><div class=\"x-div e11-e34 mb-16 mb-19 mb-1b mb-1c mb-1f mb-1g\"><div class=\"x-slide-container-viewport is-loading e11-e35 mb-1t\" data-x-slide-container=\"{&quot;keyboardNavigation&quot;:true,&quot;snap&quot;:true,&quot;wrapAround&quot;:true,&quot;int&quot;:&quot;click drag off&quot;,&quot;direction&quot;:&quot;forward&quot;,&quot;startingSlide&quot;:1}\"><div class=\"x-slide-container-content\"><div class=\"x-slide-container is-inline is-paged\"><div class=\"x-slide e11-e36 mb-1u\" data-x-slide=\"\"><span class=\"x-image e11-e37 mb-1v\"><img decoding=\"async\" src=\"https:\/\/www.walbeton.be\/wp-content\/uploads\/2023\/02\/walbeton_photo_2.png\" width=\"480\" height=\"360\" alt=\"Placeholder Image\" loading=\"lazy\"><\/span><\/div><div class=\"x-slide e11-e38 mb-1u\" data-x-slide=\"\"><span class=\"x-image e11-e39 mb-1v\"><img decoding=\"async\" src=\"https:\/\/www.walbeton.be\/wp-content\/uploads\/2023\/02\/walbeton_photo_1.png\" width=\"480\" height=\"360\" alt=\"Placeholder Image\" loading=\"lazy\"><\/span><\/div><div class=\"x-slide e11-e40 mb-1u\" data-x-slide=\"\"><span class=\"x-image e11-e41 mb-1v\"><img decoding=\"async\" src=\"https:\/\/www.walbeton.be\/wp-content\/uploads\/2023\/02\/walbeton_photo_3.png\" width=\"480\" height=\"360\" alt=\"Placeholder Image\" loading=\"lazy\"><\/span><\/div><div class=\"x-slide e11-e42 mb-1u\" data-x-slide=\"\"><span class=\"x-image e11-e43 mb-1v\"><img decoding=\"async\" src=\"https:\/\/www.walbeton.be\/wp-content\/uploads\/2023\/02\/walbeton_photo_4.png\" width=\"480\" height=\"360\" alt=\"Placeholder Image\" loading=\"lazy\"><\/span><\/div><\/div><\/div><\/div><div class=\"x-div e11-e44 mb-14 mb-16 mb-19 mb-1c mb-1d mb-1f mb-1g mb-1j mb-e\"><a class=\"x-div e11-e45 mb-14 mb-15 mb-16 mb-19 mb-1b mb-1f mb-1k mb-1l mb-c mb-f\" href=\"#prev\" data-x-effect-provider=\"colors particles effects\" data-x-effect=\"{&quot;durationBase&quot;:&quot;300ms&quot;}\" data-x-slide-prev=\"\"><i class=\"x-icon e11-e46 mb-1p mb-1q mb-1r\" aria-hidden=\"true\" data-x-icon-o=\"&#xf104;\"><\/i><\/a><a class=\"x-div e11-e47 mb-14 mb-15 mb-16 mb-1b mb-1f mb-1i mb-1k mb-1m mb-c mb-f\" href=\"#next\" data-x-effect-provider=\"colors particles effects\" data-x-effect=\"{&quot;durationBase&quot;:&quot;300ms&quot;}\" data-x-slide-next=\"\"><i class=\"x-icon e11-e48 mb-1p mb-1q mb-1s\" aria-hidden=\"true\" data-x-icon-o=\"&#xf105;\"><\/i><\/a><\/div><\/div><ul class=\"x-slide-pagination is-row e11-e49 mb-1w\" data-x-slide-pagination=\"\"><\/ul><\/div><\/div><\/div><div class=\"x-section e11-e50 mb-0 mb-1 mb-8 mb-9 mb-a\"><div class=\"x-row x-container max width e11-e51 mb-g mb-k mb-n mb-p\"><div class=\"x-row-inner\"><div class=\"x-col e11-e52 mb-t mb-u\"><div class=\"x-text x-content e11-e53 mb-x mb-11 mb-12\">WALBETON SRL \u2022 TVA BE0785.875.786<\/div><div class=\"x-text x-content e11-e54 mb-x mb-11 mb-12\">Si\u00e8ge d'exploitation : All\u00e9e des Meules 9, 5650 Walcourt<\/div><div class=\"x-text x-content e11-e55 mb-x mb-11 mb-12\">Si\u00e8ge social : ZI rue du moulin de Tromcourt 23, 5660 Mariembourg<\/div><\/div><\/div><\/div><\/div><\/div>\n","protected":false},"excerpt":{"rendered":"<p>Vente et livraison de beton aux professionnels et particuliers071 38 05 08info@walbeton.beWALBETONWALBETONDalle liss\u00e9e B\u00e9ton imprim\u00e9 B\u00e9ton d\u00e9sactiv\u00e9 Du lundi au vendredi de 6h A 16hWALBETON SRL \u2022 TVA BE0785.875.786Si\u00e8ge d&rsquo;exploitation : All\u00e9e des Meules 9, 5650 WalcourtSi\u00e8ge social : ZI rue du moulin de Tromcourt 23, 5660 Mariembourg<\/p>\n","protected":false},"author":1,"featured_media":0,"parent":0,"menu_order":1,"comment_status":"closed","ping_status":"closed","template":"template-blank-6.php","meta":{"footnotes":""},"class_list":["post-11","page","type-page","status-publish","hentry","no-post-thumbnail"],"_links":{"self":[{"href":"https:\/\/www.walbeton.be\/index.php\/wp-json\/wp\/v2\/pages\/11","targetHints":{"allow":["GET"]}}],"collection":[{"href":"https:\/\/www.walbeton.be\/index.php\/wp-json\/wp\/v2\/pages"}],"about":[{"href":"https:\/\/www.walbeton.be\/index.php\/wp-json\/wp\/v2\/types\/page"}],"author":[{"embeddable":true,"href":"https:\/\/www.walbeton.be\/index.php\/wp-json\/wp\/v2\/users\/1"}],"replies":[{"embeddable":true,"href":"https:\/\/www.walbeton.be\/index.php\/wp-json\/wp\/v2\/comments?post=11"}],"version-history":[{"count":11,"href":"https:\/\/www.walbeton.be\/index.php\/wp-json\/wp\/v2\/pages\/11\/revisions"}],"predecessor-version":[{"id":77,"href":"https:\/\/www.walbeton.be\/index.php\/wp-json\/wp\/v2\/pages\/11\/revisions\/77"}],"wp:attachment":[{"href":"https:\/\/www.walbeton.be\/index.php\/wp-json\/wp\/v2\/media?parent=11"}],"curies":[{"name":"wp","href":"https:\/\/api.w.org\/{rel}","templated":true}]}}